{"id":45,"date":"2021-11-02T17:26:34","date_gmt":"2021-11-02T17:26:34","guid":{"rendered":"http:\/\/10.0.0.203\/wordpress\/?page_id=45"},"modified":"2022-05-19T08:33:30","modified_gmt":"2022-05-19T08:33:30","slug":"home","status":"publish","type":"page","link":"https:\/\/edilgamma-cg.it\/","title":{"rendered":"Edilgamma"},"content":{"rendered":"<div style=\"text-align: justify; text-justify: inter-word;\">\n<p>\u00c8 una societ\u00e0 che opera da anni nel settore delle costruzioni.<\/p>\n<p>Il suo raggio d\u2019azione si estende con successo dal residenziale al commerciale, dall\u2019industriale alle urbanizzazioni, dal restauro ai lavori speciali comprendendo anche tutte le opere impiantistiche.<\/p>\n<p>&nbsp;<\/p>\n<p><img loading=\"lazy\" decoding=\"async\" class=\"aligncenter wp-image-627\" src=\"\/wp-content\/uploads\/2022\/03\/logo.jpeg\" alt=\"\" width=\"653\" height=\"409\" srcset=\"https:\/\/edilgamma-cg.it\/wp-content\/uploads\/2022\/03\/logo.jpeg 900w, https:\/\/edilgamma-cg.it\/wp-content\/uploads\/2022\/03\/logo-300x188.jpeg 300w, https:\/\/edilgamma-cg.it\/wp-content\/uploads\/2022\/03\/logo-768x481.jpeg 768w\" sizes=\"auto, (max-width: 653px) 100vw, 653px\" \/><\/p>\n<p>&nbsp;<\/p>\n<p>L\u2019esperienza acquisita permette ad EDILGAMMA COSTRUZIONI GENERALI di svolgere la propria attivit\u00e0 con affidabilit\u00e0, professionalit\u00e0, dinamismo e competenza.<\/p>\n<p>&nbsp;<\/p>\n<p><img loading=\"lazy\" decoding=\"async\" class=\"aligncenter wp-image-229 size-full\" src=\"\/wp-content\/uploads\/2022\/02\/home4.jpg\" alt=\"\" width=\"1133\" height=\"669\" srcset=\"https:\/\/edilgamma-cg.it\/wp-content\/uploads\/2022\/02\/home4.jpg 1133w, https:\/\/edilgamma-cg.it\/wp-content\/uploads\/2022\/02\/home4-300x177.jpg 300w, https:\/\/edilgamma-cg.it\/wp-content\/uploads\/2022\/02\/home4-1024x605.jpg 1024w, https:\/\/edilgamma-cg.it\/wp-content\/uploads\/2022\/02\/home4-768x453.jpg 768w\" sizes=\"auto, (max-width: 1133px) 100vw, 1133px\" \/><\/p>\n<p>&nbsp;<\/p>\n<p>EDILGAMMA COSTRUZIONI GENERALI \u00e8 una societ\u00e0 seria e moderna che garantisce un\u2019alta qualit\u00e0 del servizio ed un controllo costante in fase di esecuzione, assicurando tempi rapidi e contenimento dei costi.<\/p>\n<p>&nbsp;<\/p>\n<p><img loading=\"lazy\" decoding=\"async\" class=\"aligncenter wp-image-228 size-full\" src=\"\/wp-content\/uploads\/2022\/02\/home3.jpg\" alt=\"\" width=\"1024\" height=\"768\" srcset=\"https:\/\/edilgamma-cg.it\/wp-content\/uploads\/2022\/02\/home3.jpg 1024w, https:\/\/edilgamma-cg.it\/wp-content\/uploads\/2022\/02\/home3-300x225.jpg 300w, https:\/\/edilgamma-cg.it\/wp-content\/uploads\/2022\/02\/home3-768x576.jpg 768w\" sizes=\"auto, (max-width: 1024px) 100vw, 1024px\" \/><\/p>\n<p>&nbsp;<\/p>\n<p>Grazie ad un gruppo di lavoro solido ed altamente qualificato che collabora sinergicamente con una rete di consulenti e partners accreditati, l\u2019azienda \u00e8 in grado di soddisfare in maniera puntuale ogni richiesta.<\/p>\n<p>&nbsp;<\/p>\n<p><img loading=\"lazy\" decoding=\"async\" class=\"aligncenter wp-image-224 size-full\" src=\"\/wp-content\/uploads\/2022\/02\/home1-scaled.jpeg\" alt=\"\" width=\"2560\" height=\"1920\" srcset=\"https:\/\/edilgamma-cg.it\/wp-content\/uploads\/2022\/02\/home1-scaled.jpeg 2560w, https:\/\/edilgamma-cg.it\/wp-content\/uploads\/2022\/02\/home1-300x225.jpeg 300w, https:\/\/edilgamma-cg.it\/wp-content\/uploads\/2022\/02\/home1-1024x768.jpeg 1024w, https:\/\/edilgamma-cg.it\/wp-content\/uploads\/2022\/02\/home1-768x576.jpeg 768w, https:\/\/edilgamma-cg.it\/wp-content\/uploads\/2022\/02\/home1-1536x1152.jpeg 1536w, https:\/\/edilgamma-cg.it\/wp-content\/uploads\/2022\/02\/home1-2048x1536.jpeg 2048w, https:\/\/edilgamma-cg.it\/wp-content\/uploads\/2022\/02\/home1-1568x1176.jpeg 1568w\" sizes=\"auto, (max-width: 2560px) 100vw, 2560px\" \/><\/p>\n<p>&nbsp;<\/p>\n<p>I dipendenti motivati e specializzati, l\u2019alta tecnologia utilizzata, insieme all\u2019ampia disponibilit\u00e0 di automezzi e attrezzature all\u2019avanguardia, rappresentano l\u2019espressione di una sempre ricercata qualit\u00e0 del lavoro.<\/p>\n<p>&nbsp;<\/p>\n<p><img loading=\"lazy\" decoding=\"async\" class=\"aligncenter wp-image-225 size-full\" src=\"\/wp-content\/uploads\/2022\/02\/home2.jpg\" alt=\"\" width=\"800\" height=\"500\" srcset=\"https:\/\/edilgamma-cg.it\/wp-content\/uploads\/2022\/02\/home2.jpg 800w, https:\/\/edilgamma-cg.it\/wp-content\/uploads\/2022\/02\/home2-300x188.jpg 300w, https:\/\/edilgamma-cg.it\/wp-content\/uploads\/2022\/02\/home2-768x480.jpg 768w\" sizes=\"auto, (max-width: 800px) 100vw, 800px\" \/><\/p>\n<p>&nbsp;<\/p>\n<p>Edilgamma srl ha ottenuto negli anni le <a href=\"https:\/\/www.edilgamma-cg.it\/?page_id=39\">seguenti qualificazioni<\/a> grazie all\u2019impegno, alla professionalit\u00e0 e alla dedizione del team.<br \/>\nLa normativa ISO \u00e8 la pi\u00f9 importante certificazione, a livello mondiale, per la definizione e il conferimento delle norme tecniche. Un\u2019azienda riconosciuta con questi parametri \u00e8 sinonimo di attenzione al lavoro, produttivit\u00e0 ed elevati standard applicativi.<\/p>\n<p>&nbsp;<\/p>\n<ul>\n<li>SA 8000<\/li>\n<li>ISO 9001<\/li>\n<li>ISO 14001<\/li>\n<li>ISO 45001<\/li>\n<li>Attestato SOA<\/li>\n<li>F-GAS<\/li>\n<li>ALBO NAZIONALE GESTORI AMBIENTALI<\/li>\n<li>WHITE LIST<\/li>\n<\/ul>\n<\/div>\n","protected":false},"excerpt":{"rendered":"<p>\u00c8 una societ\u00e0 che opera da anni nel settore delle costruzioni. Il suo raggio d\u2019azione si estende con successo dal residenziale al commerciale, dall\u2019industriale alle urbanizzazioni, dal restauro ai lavori speciali comprendendo anche tutte le opere impiantistiche. &nbsp; &nbsp; L\u2019esperienza acquisita permette ad EDILGAMMA COSTRUZIONI GENERALI di svolgere la propria attivit\u00e0 con affidabilit\u00e0, professionalit\u00e0, dinamismo&hellip; <a class=\"more-link\" href=\"https:\/\/edilgamma-cg.it\/\">Continue reading <span class=\"screen-reader-text\">Edilgamma<\/span><\/a><\/p>\n","protected":false},"author":1,"featured_media":0,"parent":0,"menu_order":0,"comment_status":"closed","ping_status":"closed","template":"","meta":{"footnotes":""},"class_list":["post-45","page","type-page","status-publish","hentry","entry"],"_links":{"self":[{"href":"https:\/\/edilgamma-cg.it\/index.php?rest_route=\/wp\/v2\/pages\/45","targetHints":{"allow":["GET"]}}],"collection":[{"href":"https:\/\/edilgamma-cg.it\/index.php?rest_route=\/wp\/v2\/pages"}],"about":[{"href":"https:\/\/edilgamma-cg.it\/index.php?rest_route=\/wp\/v2\/types\/page"}],"author":[{"embeddable":true,"href":"https:\/\/edilgamma-cg.it\/index.php?rest_route=\/wp\/v2\/users\/1"}],"replies":[{"embeddable":true,"href":"https:\/\/edilgamma-cg.it\/index.php?rest_route=%2Fwp%2Fv2%2Fcomments&post=45"}],"version-history":[{"count":37,"href":"https:\/\/edilgamma-cg.it\/index.php?rest_route=\/wp\/v2\/pages\/45\/revisions"}],"predecessor-version":[{"id":835,"href":"https:\/\/edilgamma-cg.it\/index.php?rest_route=\/wp\/v2\/pages\/45\/revisions\/835"}],"wp:attachment":[{"href":"https:\/\/edilgamma-cg.it\/index.php?rest_route=%2Fwp%2Fv2%2Fmedia&parent=45"}],"curies":[{"name":"wp","href":"https:\/\/api.w.org\/{rel}","templated":true}]}}